{"id":261,"date":"2022-01-25T21:45:51","date_gmt":"2022-01-25T20:45:51","guid":{"rendered":"https:\/\/annaskobiej.pl\/?page_id=261"},"modified":"2025-01-14T14:53:00","modified_gmt":"2025-01-14T13:53:00","slug":"regulamin","status":"publish","type":"page","link":"https:\/\/annaskobiej.pl\/index.php\/regulamin\/","title":{"rendered":"Regulamin"},"content":{"rendered":"\n<p>Pomoc Psychologiczna Anna Skobiej<\/p>\n\n\n\n<p>z siedzib\u0105 07-217 Zatory, ul. Jana Paw\u0142a II nr 74<\/p>\n\n\n\n<p>NIP 927-106-20-35 REGON 971256213<\/p>\n\n\n\n<p>Niniejszy regulamin okre\u015bla og\u00f3lne warunki, zasady oraz spos\u00f3b \u015bwiadczenia przez Pomoc Psychologiczna Anna Skobiej us\u0142ug z zakresu psychoterapii w trakcie sesji  w gabinecie oraz sesji online z wykorzystaniem system\u00f3w teleinformatycznych.<\/p>\n\n\n\n<p>Kana\u0142y elektroniczne: Meet Google, Zoom<\/p>\n\n\n\n<p>e-mail psycholog.skobiej@gmail.com<\/p>\n\n\n\n<p>telefon +48 690 925 069<\/p>\n\n\n\n<p>\u00a7 1<\/p>\n\n\n\n<p><strong>Rodzaj  i jako\u015b\u0107 \u015bwiadczenia us\u0142ug<\/strong><\/p>\n\n\n\n<p>1.Pomoc Psychologiczna Anna Skobiej zwany dalej Psychoterapeuta Anna Skobiej \u015bwiadczy us\u0142ugi w zakresie psychoterapii w gabinecie psychologicznym\/psychoterapeutycznym w Warszawie przy ulicy Filareckiej nr 3 w przestrzeni Akademia Sound Therapy oraz z wykorzystaniem system\u00f3w teleinformatycznych ( min. Meet Google\/Zoom).<\/p>\n\n\n\n<p>2. Psychoterapeuta Anna Skobiej o\u015bwiadcza, i\u017c posiada odpowiednie kwalifikacje do prowadzenia psychoterapii.<\/p>\n\n\n\n<p>3. Psychoterapeuta Anna Skobiej jest cz\u0142onkiem Polskiego Towarzystwa Psychoterapii Poznawczo-Behawioralnej im. T. Bizonia oraz cz\u0142onkiem European Association for Behavioural and Cognitive Therapies (EABCT).<\/p>\n\n\n\n<p>4. Psychoterapeuta Anna Skobiej poddaje swoj\u0105 prac\u0119 superwizji.<\/p>\n\n\n\n<p>5. Psychoterapeuta Anna Skobiej przestrzega zasad etyki zawodu.<\/p>\n\n\n\n<p>\u00a7 2<\/p>\n\n\n\n<p><strong>Zasady dotycz\u0105ce poufno\u015bci sesji terapeutycznych<\/strong><\/p>\n\n\n\n<p>1.Tre\u015b\u0107 sesji jest poufna i nie b\u0119dzie ujawniana osobom trzecim ani przez psychoterapeut\u0119 ani przez pacjenta z zastrze\u017ceniem \u00a72 pkt. 4 i 6 oraz \u00a7 7 pkt. 5.<\/p>\n\n\n\n<p>2. Psychoterapeuta Anna Skobiej zgodnie z zapisami prawa przestrzega tajemnicy zawodowej psychoterapeuty.<\/p>\n\n\n\n<p>3. Sesja mo\u017ce by\u0107 zarejestrowana na no\u015bniku danych elektronicznych wy\u0142\u0105cznie za zgod\u0105 pacjenta i psychoterapeuty Anny Skobiej . Zgoda pacjenta na nagranie sesji mo\u017ce zosta\u0107 wyra\u017cona w formie ustanej lub pisemnej przes\u0142ana korespondencj\u0105 elektroniczn\u0105.<\/p>\n\n\n\n<p>4. W przypadku kiedy w ocenie psychoterapeuty zdrowie lub \u017cycie pacjenta  jest zagro\u017cone, terapeuta ma prawo powiadomi\u0107 o tym fakcie wskazane przez pacjenta osoby. W uzasadnionych przypadkach zagro\u017cenia zdrowia lub \u017cycia psychoterapeuta ma prawo powiadomi\u0107 o tym stosowne s\u0142u\u017cby np.: wezwa\u0107 pomoc medyczn\u0105.<\/p>\n\n\n\n<p>5. Psychoterapeuta maj\u0105c na wzgl\u0119dzie dobro pacjenta ma prawo zako\u0144czy\u0107 sesj\u0119, je\u015bli pacjent na sesj\u0119 stawi si\u0119 pod wp\u0142ywem substancji psychoaktywnej (np. alkohol, narkotyki) .<\/p>\n\n\n\n<p>6. Psychoterapeuta Anna Skobiej dbaj\u0105c o wysok\u0105 jako\u015b\u0107 us\u0142ug poddaje swoj\u0105 prac\u0119 superwizji. Informacje przekazywane na temat pacjenta podczas superwizji uniemo\u017cliwiaj\u0105 identyfikacj\u0119 pacjenta. Zgodnie z obowi\u0105zuj\u0105cymi przepisami prawa zar\u00f3wno psychoterapeuta jak i superwizor s\u0105 zobowi\u0105zani do przestrzegania tajemnicy zawodowej.<\/p>\n\n\n\n<p>\u00a7 3<\/p>\n\n\n\n<p><strong>Zasady bezpiecze\u0144stwa w internecie i w ramach system\u00f3w teleinformatycznych<\/strong><\/p>\n\n\n\n<p>W celu zapewnienia bezpiecze\u0144stwa w internecie psychoterapeuta i pacjent zobowi\u0105zuj\u0105 si\u0119 przestrzega\u0107 poni\u017cszych zasad:<\/p>\n\n\n\n<p>1. Pacjent i Psychoterapeuta zobowi\u0105zuj\u0105 si\u0119 do korzystania z profili na platformach komunikacji internetowej (m.in.: Meet Google, Zoom, konto pocztowe) w spos\u00f3b bezpieczny (min. korzysta\u0107 z zabezpieczonego has\u0142em po\u0142\u0105czenia internetowego, ustawi\u0107 has\u0142o do komputera oraz do tych profili, nie udost\u0119pnia\u0107 tych hase\u0142 osobom trzecim).<\/p>\n\n\n\n<p>3. W pomieszczeniu, w kt\u00f3rym przebywa lub z kt\u00f3rego \u0142\u0105czy si\u0119 psychoterapeuta i pacjent nie mog\u0105 przebywa\u0107 osoby trzecie. Chyba, \u017ce obie strony uzgodni\u0105 inaczej.<\/p>\n\n\n\n<p>4. Ka\u017cda ze stron jest odpowiedzialna za dane, kt\u00f3re znajduj\u0105 si\u0119 na komputerze oraz na serwerach platform internetowych lub innych portalach, na kt\u00f3rych przekazywane b\u0119d\u0105 materia\u0142y do pracy samodzielnej pacjenta &#8211; za po\u015brednictwem system\u00f3w teleinformatycznych lub e-mailem.<\/p>\n\n\n\n<p>5. Standardowo rozmowy Video nie s\u0105 w \u017caden spos\u00f3b rejestrowane ani przez pacjenta ani przez psychoterapeutk\u0119, nie s\u0105 te\u017c automatycznie zapisywane na dysku komputera.<\/p>\n\n\n\n<p>6. Psychoterapeuta nie bierze odpowiedzialno\u015bci za stabilno\u015b\u0107 oraz bezpiecze\u0144stwo system\u00f3w teleinformatycznych, serwer\u00f3w pocztowych oraz po\u0142\u0105czenia telefonicznego czy innych platform cyfrowych wykorzystywanych do przekazywania danych. Odpowiedzialno\u015b\u0107 za stabilno\u015b\u0107 i bezpiecze\u0144stwo tych serwer\u00f3w jest zapewniana przez dostawc\u00f3w tych us\u0142ug.<\/p>\n\n\n\n<p>7. Pacjent podejmuj\u0105c kontakt z psychoterapeut\u0105 zgadza si\u0119 na korzystanie z zewn\u0119trznych dostawc\u00f3w us\u0142ug zna oraz akceptuje regulaminy i polityk\u0119 bezpiecze\u0144stwa tych dostawc\u00f3w.<\/p>\n\n\n\n<p>\u00a74<\/p>\n\n\n\n<p><strong>Zasady dotycz\u0105ce rezerwacja sesji  oraz p\u0142atno\u015bci<\/strong><\/p>\n\n\n\n<p>1.Sesje mo\u017cna rezerwowa\u0107 za po\u015brednictwem kalendarza wizyt na stronie <a href=\"http:\/\/www.annaskobiej.pl\/\"><u>www.annaskobiej.pl<\/u><\/a> przez portal Zarezerwuj.pl<\/p>\n\n\n\n<p>2. P\u0142atno\u015b\u0107 za sesj\u0119 w gabinecie oraz sesje online nale\u017cy dokona\u0107 najp\u00f3\u017aniej na 24h przed wyznaczonym terminem sesji .<\/p>\n\n\n\n<p>4. Op\u0142at\u0119 za sesj\u0119 nale\u017cy wnie\u015b\u0107 za po\u015brednictwem systemu Przelewy24.pl w ramach systemu rezerwacji , PayPal, lub przelewem bankowym na konto bankowe wskazane ni\u017cej.<\/p>\n\n\n\n<p>5. Realizuj\u0105c p\u0142atno\u015b\u0107 przelewem pacjent w tytule przelewu podaje imi\u0119 i nazwisko, dat\u0119 i godzin\u0119 sesji.<\/p>\n\n\n\n<p><strong>Dane do przelewu:<\/strong><\/p>\n\n\n\n<p>Anna Skobiej<\/p>\n\n\n\n<p>Rachunek: ALIOR BANK 50 2490 0005 0000 4000 1224 7137<\/p>\n\n\n\n<p>Tytu\u0142em: Imi\u0119 i nazwisko, data i godzina spotkania<\/p>\n\n\n\n<p>Dane do przelewu zagranicznego<\/p>\n\n\n\n<p>Anna Skobiej<\/p>\n\n\n\n<p>Rachunek : ALIOR BANK IBAN PL 50 2490 0005 0000 4000 1224 7137<br>Kod SWIFT Alior Banku: ALBPPLPW<\/p>\n\n\n\n<p>Tytu\u0142em: Imi\u0119 i nazwisko, data i godzina spotkania<\/p>\n\n\n\n<p>\u00a7 5<\/p>\n\n\n\n<p><strong>Zasady dotycz\u0105ce zmiany terminu sesji , odwo\u0142ywanie sesji oraz zako\u0144czenie wsp\u00f3\u0142pracy<\/strong><\/p>\n\n\n\n<p>1. W um\u00f3wionym terminie pacjent przychodzi na spotkanie lub \u0142\u0105czy si\u0119 z psychoterapeut\u0105 za po\u015brednictwem system\u00f3w teleinformatycznych.<\/p>\n\n\n\n<p>2. Je\u015bli po\u0142\u0105czenie z przyczyn technicznych nie b\u0119dzie mo\u017cliwe do zrealizowania psychoterapeuta i pacjent zrealizuj\u0105 po\u0142\u0105czenie z wykorzystaniem aktualnie dost\u0119pnego systemu teleinformatycznego ( np. skype, meet google, zoom).<\/p>\n\n\n\n<p>3. Pacjent ma prawo odwo\u0142a\u0107 sesj\u0119 najp\u00f3\u017aniej na 24 godziny przed uzgodnionym terminem.<\/p>\n\n\n\n<p>4. Sesja odwo\u0142ana w terminie kr\u00f3tszym ni\u017c 24 godziny przed sesj\u0105 lub nieobecno\u015b\u0107 pacjenta jest r\u00f3wnoznaczna z poniesieniem kosztu sesji przez pacjenta.<\/p>\n\n\n\n<p>5. Je\u015bli pacjent dokona\u0142 p\u0142atno\u015bci za odwo\u0142an\u0105 w terminie sesj\u0119 (najp\u00f3\u017aniej na 24 godziny przed sesj\u0105) w ci\u0105gu 2 dni nast\u0105pi zwrot poniesionych koszt\u00f3w sesji na wskazane przez pacjenta konto bankowe lub na \u017cyczenie pacjenta p\u0142atno\u015b\u0107 zostanie przeniesiona na inny termin sesji.<\/p>\n\n\n\n<p>6. W przypadku, gdy sesja nie odby\u0142a si\u0119 z przyczyn zale\u017cnych od psychoterapeuty pacjent ma prawo do zwrotu koszt\u00f3w sesji. Je\u015bli pacjent wyrazi tak\u0105 wol\u0119, istnieje mo\u017cliwo\u015b\u0107 wyznaczenia nowego terminu sesji i odbycia jej w dogodnym dla pacjenta i psychoterapeuty terminie.<\/p>\n\n\n\n<p>7. Pacjent w dowolnym momencie procesu terapeutycznego  ma prawo zako\u0144czy\u0107 wsp\u00f3\u0142prac\u0119. <\/p>\n\n\n\n<p>\u00a7 6<\/p>\n\n\n\n<p><strong>Wymagania techniczne<\/strong><\/p>\n\n\n\n<p>1.Wymagania techniczne do przeprowadzenia rozmowy w ramach system\u00f3w teleinformatycznych s\u0105 dookre\u015blane przez ka\u017cdego z operator\u00f3w.<\/p>\n\n\n\n<p>2. W przypadku korzystania z platformy elektronicznej Meet Google, Zoom &#8211; link \/ identyfikator spotkania online zostaje wys\u0142any przez Pomoc Psychologiczna Anna Skobiej poczt\u0105 elektroniczn\u0105 na wskazany adres mailowy pacjenta.<\/p>\n\n\n\n<p>\u00a7 7<\/p>\n\n\n\n<p><strong>Dane i pliki \u201eCookies\u201d<\/strong><\/p>\n\n\n\n<p>1. Administratorem danych przekazanych w trakcie rezerwacji sesji jest firma Pomoc Psychologiczna Anna Skobiej z siedzib\u0105 w Gda\u0144sku, ul. Rogali\u0144ska 13 a\/6<\/p>\n\n\n\n<p>2.Dane s\u0105 przekazywane przez pacjenta dobrowolnie i b\u0119d\u0105 wykorzystywane tylko w celu zrealizowania sesji psychoterapeutycznych.<\/p>\n\n\n\n<p>3.W procesie rejestracji pacjent jest zobowi\u0105zany do podania imienia i nazwiska, nr telefonu oraz adresu e-mailowego.<\/p>\n\n\n\n<p>4.Psychoterapeuta chroni przekazane jej dane oraz dok\u0142ada wszelkich stara\u0144 w celu zabezpieczenia ich przed nieuprawnionym dost\u0119pem lub wykorzystaniem.<\/p>\n\n\n\n<p>5. Psychoterapeuta nie przekazuje, nie sprzedaje i nie u\u017cycza zgromadzonych danych pacjent\u00f3w innym osobom lub instytucjom, chyba \u017ce dzieje si\u0119 to zgodnie z obowi\u0105zuj\u0105cymi przepisami prawa na wniosek uprawnionego organu (s\u0105d, prokurator).<\/p>\n\n\n\n<p>6.Strona internetowa <a href=\"http:\/\/www.annaskobiej.pl\/\"><u>www.annaskobiej.pl<\/u><\/a> stosuje mechanizm plik\u00f3w \u201ccookies\u201d, kt\u00f3re podczas korzystania przez klient\u00f3w ze strony zapisywane s\u0105 przez serwer komputera psychoterapeuty na dysku twardym urz\u0105dzenia ko\u0144cowego klienta.<\/p>\n\n\n\n<p>7.Stosowanie plik\u00f3w \u201ccookies\u201d ma na celu poprawne dzia\u0142anie strony internetowej na urz\u0105dzeniach ko\u0144cowych klient\u00f3w.<\/p>\n\n\n\n<p>8.Ka\u017cdy klient mo\u017ce wy\u0142\u0105czy\u0107 mechanizm w przegl\u0105darce internetowej swojego urz\u0105dzenia ko\u0144cowego. Psychoterapeuta wskazuje, \u017ce wy\u0142\u0105czenie \u201ecookies\u201d mo\u017ce jednak spowodowa\u0107 utrudnienia lub uniemo\u017cliwi\u0107 korzystanie ze strony internetowej.<\/p>\n\n\n\n<p>9. Podejmuj\u0105c kontakt z psychoterapeut\u0105 klient wyra\u017ca zgod\u0119 na przetwarzanie danych osobowych przez psychoterapeut\u0119 dla cel\u00f3w prowadzenia psychoterapii w szczeg\u00f3lno\u015bci do umawiania wizyt, kontaktu przez systemy teleinformatyczne, zgodnie z obowi\u0105zuj\u0105cymi przepisami prawa na terenie Rzeczpospolitej Polskiej oraz Unii Europejskiej.<\/p>\n\n\n\n<p>\u00a7 8<\/p>\n\n\n\n<p><strong>Postanowienia ko\u0144cowe <\/strong><\/p>\n\n\n\n<p>1.Regulamin obowi\u0105zuje od dnia opublikowania.<\/p>\n\n\n\n<p>2. Pacjent korzysta z psychoterapii na zasadach i zgodnie z przepisami obowi\u0105zuj\u0105cymi na terenie Rzeczpospolitej Polskiej<\/p>\n\n\n\n<p>3.Regulamin mo\u017ce ulec zmianie. Aktualny regulamin jest dost\u0119pny na stronie: <a href=\"http:\/\/www.annaskobiej.pl\/\"><u>www.annaskobiej.pl<\/u><\/a><\/p>\n\n\n\n<p>4.W przypadku powstania sporu pacjent i psychoterapeuta b\u0119d\u0105 d\u0105\u017cyli do rozwi\u0105zania sprawy polubownie. Prawem w\u0142a\u015bciwym dla rozstrzygania wszelkich spor\u00f3w powsta\u0142ych na gruncie niniejszego Regulaminu jest prawo polskie.<\/p>\n\n\n\n<p>5.Regulamin wchodzi w \u017cycie z dniem 26.01.2022<\/p>\n","protected":false},"excerpt":{"rendered":"<p>Pomoc Psychologiczna Anna Skobiej z siedzib\u0105 07-217 Zatory, ul. Jana Paw\u0142a II nr 74 NIP 927-106-20-35 REGON 971256213 Niniejszy regulamin okre\u015bla og\u00f3lne warunki, zasady oraz spos\u00f3b \u015bwiadczenia przez Pomoc Psychologiczna Anna Skobiej us\u0142ug z zakresu psychoterapii w trakcie sesji w gabinecie oraz sesji online z wykorzystaniem system\u00f3w teleinformatycznych. Kana\u0142y elektroniczne: Meet Google, Zoom e-mail psycholog.skobiej@gmail.com &hellip; <\/p>\n<p class=\"link-more\"><a href=\"https:\/\/annaskobiej.pl\/index.php\/regulamin\/\" class=\"more-link\">Czytaj dalej<span class=\"screen-reader-text\"> Regulamin<\/span><\/a><\/p>\n","protected":false},"author":1,"featured_media":0,"parent":0,"menu_order":0,"comment_status":"closed","ping_status":"closed","template":"","meta":{"footnotes":""},"class_list":["post-261","page","type-page","status-publish","hentry"],"_links":{"self":[{"href":"https:\/\/annaskobiej.pl\/index.php\/wp-json\/wp\/v2\/pages\/261","targetHints":{"allow":["GET"]}}],"collection":[{"href":"https:\/\/annaskobiej.pl\/index.php\/wp-json\/wp\/v2\/pages"}],"about":[{"href":"https:\/\/annaskobiej.pl\/index.php\/wp-json\/wp\/v2\/types\/page"}],"author":[{"embeddable":true,"href":"https:\/\/annaskobiej.pl\/index.php\/wp-json\/wp\/v2\/users\/1"}],"replies":[{"embeddable":true,"href":"https:\/\/annaskobiej.pl\/index.php\/wp-json\/wp\/v2\/comments?post=261"}],"version-history":[{"count":16,"href":"https:\/\/annaskobiej.pl\/index.php\/wp-json\/wp\/v2\/pages\/261\/revisions"}],"predecessor-version":[{"id":337,"href":"https:\/\/annaskobiej.pl\/index.php\/wp-json\/wp\/v2\/pages\/261\/revisions\/337"}],"wp:attachment":[{"href":"https:\/\/annaskobiej.pl\/index.php\/wp-json\/wp\/v2\/media?parent=261"}],"curies":[{"name":"wp","href":"https:\/\/api.w.org\/{rel}","templated":true}]}}