{"id":44,"date":"2022-01-03T16:17:37","date_gmt":"2022-01-03T15:17:37","guid":{"rendered":"http:\/\/annaskobiej.pl\/?page_id=44"},"modified":"2025-09-29T13:04:45","modified_gmt":"2025-09-29T11:04:45","slug":"kontakt","status":"publish","type":"page","link":"https:\/\/annaskobiej.pl\/index.php\/kontakt\/","title":{"rendered":"Kontakt"},"content":{"rendered":"\n<p class=\"has-black-color has-text-color has-background\" style=\"background-color:#eec7cb\"><strong><em>W poniedzia\u0142ki, wtorki <\/em><\/strong>, <strong><em>czwartki i pi\u0105tki<\/em><\/strong> sesje odbywaj\u0105 si\u0119 w trybie online.<\/p>\n\n\n\n<p class=\"has-black-color has-text-color has-background\" style=\"background-color:#eec7cb\"><strong><em>W \u015brody<\/em><\/strong> sesje odbywaj\u0105 si\u0119 w gabinecie w Warszawie Plac Zbawiciela, ul. Mokotowska nr 12 lokal 11 B, 6 pi\u0119tro. <\/p>\n\n\n\n<p class=\"has-vivid-red-color has-light-green-cyan-background-color has-text-color has-background\"><\/p>\n\n\n\n<p class=\"has-background\" style=\"background-color:#a7f6d6\">Sesje online odbywaj\u0105 si\u0119 za pomoc\u0105 Meet google.<\/p>\n\n\n\n<p class=\"has-background\" style=\"background-color:#d3fafc\"><strong>Telefon kontaktowy<\/strong>: +48 690 925 069<\/p>\n\n\n\n<p class=\"has-background\" style=\"background-color:#d0fafc\"><strong>Mail:<\/strong> psycholog.skobiej@gmail.com<\/p>\n","protected":false},"excerpt":{"rendered":"<p>W poniedzia\u0142ki, wtorki , czwartki i pi\u0105tki sesje odbywaj\u0105 si\u0119 w trybie online. W \u015brody sesje odbywaj\u0105 si\u0119 w gabinecie w Warszawie Plac Zbawiciela, ul. Mokotowska nr 12 lokal 11 B, 6 pi\u0119tro. Sesje online odbywaj\u0105 si\u0119 za pomoc\u0105 Meet google. Telefon kontaktowy: +48 690 925 069 Mail: psycholog.skobiej@gmail.com<\/p>\n","protected":false},"author":1,"featured_media":0,"parent":0,"menu_order":0,"comment_status":"closed","ping_status":"closed","template":"","meta":{"footnotes":""},"class_list":["post-44","page","type-page","status-publish","hentry"],"_links":{"self":[{"href":"https:\/\/annaskobiej.pl\/index.php\/wp-json\/wp\/v2\/pages\/44","targetHints":{"allow":["GET"]}}],"collection":[{"href":"https:\/\/annaskobiej.pl\/index.php\/wp-json\/wp\/v2\/pages"}],"about":[{"href":"https:\/\/annaskobiej.pl\/index.php\/wp-json\/wp\/v2\/types\/page"}],"author":[{"embeddable":true,"href":"https:\/\/annaskobiej.pl\/index.php\/wp-json\/wp\/v2\/users\/1"}],"replies":[{"embeddable":true,"href":"https:\/\/annaskobiej.pl\/index.php\/wp-json\/wp\/v2\/comments?post=44"}],"version-history":[{"count":25,"href":"https:\/\/annaskobiej.pl\/index.php\/wp-json\/wp\/v2\/pages\/44\/revisions"}],"predecessor-version":[{"id":492,"href":"https:\/\/annaskobiej.pl\/index.php\/wp-json\/wp\/v2\/pages\/44\/revisions\/492"}],"wp:attachment":[{"href":"https:\/\/annaskobiej.pl\/index.php\/wp-json\/wp\/v2\/media?parent=44"}],"curies":[{"name":"wp","href":"https:\/\/api.w.org\/{rel}","templated":true}]}}