{"id":47,"date":"2022-01-03T16:17:37","date_gmt":"2022-01-03T15:17:37","guid":{"rendered":"http:\/\/annaskobiej.pl\/?page_id=47"},"modified":"2026-03-05T19:02:13","modified_gmt":"2026-03-05T18:02:13","slug":"o-mnie","status":"publish","type":"page","link":"https:\/\/annaskobiej.pl\/index.php\/o-mnie\/","title":{"rendered":"O mnie"},"content":{"rendered":"\n<div class=\"wp-block-media-text alignwide has-media-on-the-right is-stacked-on-mobile is-vertically-aligned-top has-blush-light-purple-gradient-background has-background\" style=\"grid-template-columns:auto 55%\"><div class=\"wp-block-media-text__content\">\n<p><\/p>\n\n\n\n<p class=\"has-normal-font-size\">Z wykszta\u0142cenia jestem pedagogiem, psychologiem, specjalist\u0105 terapii uzale\u017cnie\u0144, psychoterapeut\u0105 poznawczo-behawioralnym i seksuologiem.<br><br>Pedagogik\u0119 uko\u0144czy\u0142am na Uniwersytecie Zielonog\u00f3rskim kierunek &#8211; pedagogika pracy opieku\u0144czej oraz&nbsp; kierunek &#8211; rewalidacja os\u00f3b chorych i niepe\u0142nosprawnych.&nbsp;<br><br>Psychologie uko\u0144czy\u0142am na Uniwersytecie SWPS Wydzia\u0142 w Sopocie \u2013 Psychologia kliniczna cz\u0142owieka doros\u0142ego oraz Uzale\u017cnienia.<\/p>\n<\/div><figure class=\"wp-block-media-text__media\"><img loading=\"lazy\" decoding=\"async\" width=\"683\" height=\"1024\" src=\"https:\/\/annaskobiej.pl\/wp-content\/uploads\/2023\/06\/Zdj-ecie-na-strone-683x1024.jpg\" alt=\"\" class=\"wp-image-439 size-full\" srcset=\"https:\/\/annaskobiej.pl\/wp-content\/uploads\/2023\/06\/Zdj-ecie-na-strone-683x1024.jpg 683w, https:\/\/annaskobiej.pl\/wp-content\/uploads\/2023\/06\/Zdj-ecie-na-strone-200x300.jpg 200w, https:\/\/annaskobiej.pl\/wp-content\/uploads\/2023\/06\/Zdj-ecie-na-strone-768x1152.jpg 768w, https:\/\/annaskobiej.pl\/wp-content\/uploads\/2023\/06\/Zdj-ecie-na-strone-1024x1536.jpg 1024w, https:\/\/annaskobiej.pl\/wp-content\/uploads\/2023\/06\/Zdj-ecie-na-strone-1366x2048.jpg 1366w, https:\/\/annaskobiej.pl\/wp-content\/uploads\/2023\/06\/Zdj-ecie-na-strone.jpg 1707w\" sizes=\"auto, (max-width: 683px) 100vw, 683px\" \/><\/figure><\/div>\n\n\n\n<p class=\"has-blush-light-purple-gradient-background has-background\">Uko\u0144czy\u0142am  4- letnie szkolenie w dziedzinie&nbsp;terapii i rehabilitacji uzale\u017cnienia od narkotyk\u00f3w organizowane przez Polsk\u0105 Federacj\u0119 Spo\u0142eczno\u015bci Terapeutycznych w Gda\u0144sku. Uzyska\u0142am certyfikat specjalisty terapii uzale\u017cnie\u0144 Nr&nbsp; 1220&nbsp; \/2016.<\/p>\n\n\n\n<p class=\"has-blush-light-purple-gradient-background has-background\">Uko\u0144czy\u0142am 4- letnie studia podyplomowe Uniwersytetu SWPS w Warszawie kierunek :  Szko\u0142a Psychoterapii Poznawczo &#8211;&nbsp;Behawioralnej Uniwersytetu SWPS w Warszawie pod kierownictwem  dr hab. Agnieszki Popiel i dr Ewy Prag\u0142owskiej.&nbsp; Uzyska\u0142am certyfikat psychoterapeuty poznawczo-behawioralnego PTTPB Nr 1450. <\/p>\n\n\n\n<p class=\"has-black-color has-blush-light-purple-gradient-background has-text-color has-background\">Uko\u0144czy\u0142am studia podyplomowe na Warszawskim Uniwersytecie Medycznym kierunek: Seksuologia kliniczna.<\/p>\n\n\n\n<p class=\"has-blush-light-purple-gradient-background has-background\">Uko\u0144czy\u0142am szkolenie certyfikacyjne z Terapii Schematu obejmuj\u0105ce prac\u0119 z zaburzeniami osobowo\u015bci z wi\u0105zki B (ze szczeg\u00f3lnym naciskiem na osobowo\u015b\u0107 borderline i osobowo\u015b\u0107 narcystyczn\u0105) oraz wi\u0105zki C (osobowo\u015b\u0107 unikaj\u0105ca, zale\u017cna oraz obsesyjno-kompulsyjna) realizowane przez Instytut Terapii Schematu w Warszawie. Program szkolenia zosta\u0142 przeprowadzony zgodnie ze standardami International Society of Schema Therapy (ISST) i spe\u0142nia wymogi szkoleniowe obowi\u0105zuj\u0105ce w procesie certyfikacji ISST.  <\/p>\n\n\n\n<p class=\"has-blush-light-purple-gradient-background has-background\">Jestem cz\u0142onkiem Polskiego Towarzystwa Psychoterapii Poznawczo-Behawioralnej im. T. Bizonia oraz cz\u0142onkiem European Association for Behavioural and Cognitive Therapies (EABCT).<\/p>\n\n\n\n<p class=\"has-blush-light-purple-gradient-background has-background\">Swoj\u0105 prac\u0119 poddaj\u0119 sta\u0142ej superwizji.\u00a0<\/p>\n\n\n\n<h2 class=\"wp-block-heading has-vivid-cyan-blue-color has-text-color\" id=\"doswiadczenie-zawodowe\"><em>Do\u015bwiadczenie zawodowe<\/em><\/h2>\n\n\n\n<p class=\"has-light-green-cyan-background-color has-background\">Do\u015bwiadczenie zawodowe zdobywa\u0142am min. w szpitalu Psychiatrycznym im. T. Bilikiewicza w Gda\u0144sku, Wojskowym Instytucie Medycznym w Klinice psychiatrii, stresu bojowego i psychotraumatologii Centralnego Szpitala Klinicznego w Warszawie, plac\u00f3wkach stacjonarnych, ambulatoryjnych dla os\u00f3b uzale\u017cnionych od alkoholu, narkotyk\u00f3w , r\u00f3wnie\u017c uzale\u017cnie\u0144 behawioralnych. Zdobywa\u0142am do\u015bwiadczenie r\u00f3wnie\u017c w plac\u00f3wkach dla os\u00f3b z podw\u00f3jn\u0105 diagnoz\u0105.&nbsp; Prowadzi\u0142am psychoterapi\u0119 indywidualn\u0105 oraz grupow\u0105. Przez ostatnie lata do\u015bwiadczenie zdobywa\u0142am w poradni psychologicznej pracuj\u0105c jako psychoterapeuta par i ma\u0142\u017ce\u0144stw, r\u00f3wnie\u017c prowadz\u0105c psychoterapi\u0119 indywidualn\u0105. Obecnie prowadz\u0119 w\u0142asny gabinet, wsp\u00f3\u0142pracuj\u0119 r\u00f3wnie\u017c z warszawskimi poradniami.<\/p>\n\n\n\n<h2 class=\"wp-block-heading has-vivid-cyan-blue-color has-text-color\" id=\"obszar-pomocy\"><em><span class=\"has-inline-color has-vivid-cyan-blue-color\">Obszar pomocy<\/span><\/em><\/h2>\n\n\n\n<p>Prowadz\u0119 <span class=\"has-inline-color has-vivid-cyan-blue-color\">psychoterapi\u0119 indywidualn\u0105&nbsp; oraz terapi\u0119 par i ma\u0142\u017ce\u0144stw<\/span>.&nbsp;Najcz\u0119\u015bciej pracuje z osobami&nbsp; z nasileniem <span class=\"has-inline-color has-vivid-cyan-blue-color\">cech narcystycznych, antyspo\u0142ecznych i&nbsp;borderline<\/span>.&nbsp;<\/p>\n\n\n\n<p>W szczeg\u00f3lno\u015bci dotkni\u0119tych problemem :<\/p>\n\n\n\n<ul class=\"wp-block-list\">\n<li>zdrady,<\/li>\n\n\n\n<li>nadu\u017cy\u0107 na r\u00f3\u017cnych p\u0142aszczyznach \u2013 przemocy emocjonalnej i fizycznej,<\/li>\n\n\n\n<li>doros\u0142ych dzieci z rodzin dysfunkcyjnych (osoby, kt\u00f3re w dzieci\u0144stwie do\u015bwiadczy\u0142y emocjonalnego ch\u0142odu, przemocy fizycznej i psychicznej w tym molestowania, nadmiernej kontroli, manipulacji, chwiejno\u015bci emocjonalnej rodzica, rozpadu rodziny),<\/li>\n\n\n\n<li>wsp\u00f3\u0142uzale\u017cnienia (\u201ckochaj\u0105cych za bardzo\u201d)<\/li>\n\n\n\n<li>uzale\u017cnienia (od substancji psychoaktywnych oraz uzale\u017cnie\u0144 behawioralnych \u2013 min. hazard, seks, pornografia)<\/li>\n\n\n\n<li>b\u0119d\u0105cych w toksycznych relacjach np. z partnerem \/ z rodzicami<\/li>\n\n\n\n<li>pracuj\u0119 r\u00f3wnie\u017c z&nbsp; osobami, kt\u00f3re do\u015bwiadczaj\u0105 depresji, zaburze\u0144 adaptacyjnych lub objaw\u00f3w ci\u0105g\u0142ego napi\u0119cia, niepokoju i l\u0119ku (napady paniki, fobie, ocd, l\u0119k uog\u00f3lniony).&nbsp;<\/li>\n<\/ul>\n","protected":false},"excerpt":{"rendered":"<p>Z wykszta\u0142cenia jestem pedagogiem, psychologiem, specjalist\u0105 terapii uzale\u017cnie\u0144, psychoterapeut\u0105 poznawczo-behawioralnym i seksuologiem. Pedagogik\u0119 uko\u0144czy\u0142am na Uniwersytecie Zielonog\u00f3rskim kierunek &#8211; pedagogika pracy opieku\u0144czej oraz&nbsp; kierunek &#8211; rewalidacja os\u00f3b chorych i niepe\u0142nosprawnych.&nbsp; Psychologie uko\u0144czy\u0142am na Uniwersytecie SWPS Wydzia\u0142 w Sopocie \u2013 Psychologia kliniczna cz\u0142owieka doros\u0142ego oraz Uzale\u017cnienia. Uko\u0144czy\u0142am 4- letnie szkolenie w dziedzinie&nbsp;terapii i rehabilitacji uzale\u017cnienia od &hellip; <\/p>\n<p class=\"link-more\"><a href=\"https:\/\/annaskobiej.pl\/index.php\/o-mnie\/\" class=\"more-link\">Czytaj dalej<span class=\"screen-reader-text\"> O mnie<\/span><\/a><\/p>\n","protected":false},"author":1,"featured_media":0,"parent":0,"menu_order":0,"comment_status":"closed","ping_status":"closed","template":"","meta":{"footnotes":""},"class_list":["post-47","page","type-page","status-publish","hentry"],"_links":{"self":[{"href":"https:\/\/annaskobiej.pl\/index.php\/wp-json\/wp\/v2\/pages\/47","targetHints":{"allow":["GET"]}}],"collection":[{"href":"https:\/\/annaskobiej.pl\/index.php\/wp-json\/wp\/v2\/pages"}],"about":[{"href":"https:\/\/annaskobiej.pl\/index.php\/wp-json\/wp\/v2\/types\/page"}],"author":[{"embeddable":true,"href":"https:\/\/annaskobiej.pl\/index.php\/wp-json\/wp\/v2\/users\/1"}],"replies":[{"embeddable":true,"href":"https:\/\/annaskobiej.pl\/index.php\/wp-json\/wp\/v2\/comments?post=47"}],"version-history":[{"count":47,"href":"https:\/\/annaskobiej.pl\/index.php\/wp-json\/wp\/v2\/pages\/47\/revisions"}],"predecessor-version":[{"id":511,"href":"https:\/\/annaskobiej.pl\/index.php\/wp-json\/wp\/v2\/pages\/47\/revisions\/511"}],"wp:attachment":[{"href":"https:\/\/annaskobiej.pl\/index.php\/wp-json\/wp\/v2\/media?parent=47"}],"curies":[{"name":"wp","href":"https:\/\/api.w.org\/{rel}","templated":true}]}}