{"id":69,"date":"2022-01-03T18:51:34","date_gmt":"2022-01-03T17:51:34","guid":{"rendered":"https:\/\/annaskobiej.pl\/?page_id=69"},"modified":"2025-09-29T13:02:35","modified_gmt":"2025-09-29T11:02:35","slug":"oferta","status":"publish","type":"page","link":"https:\/\/annaskobiej.pl\/index.php\/oferta\/","title":{"rendered":"Oferta"},"content":{"rendered":"\n<p class=\"has-background\" style=\"background-color:#d6e9f5\"><span class=\"collapseomatic \" id=\"id6a05738eb14a4\"  tabindex=\"0\" title=\"Konsultacja \/ Psychoterapia indywidualna\/Konsultacja seksuologiczna\"    >Konsultacja \/ Psychoterapia indywidualna\/Konsultacja seksuologiczna<\/span><div id=\"target-id6a05738eb14a4\" class=\"collapseomatic_content \">\n\n\n\n<ul style=\"background-color:#d5e7f3\" class=\"wp-block-list has-background\">\n<li>Cierpisz z powodu trudno\u015bci adaptacyjnych, stresu, l\u0119ku, depresji<\/li>\n\n\n\n<li>Zmagasz si\u0119 z kryzysem psychicznym<\/li>\n\n\n\n<li>Cierpisz z powodu do\u015bwiadcze\u0144 z okresu dzieci\u0144stwa &#8211; do\u015bwiadczy\u0142es deprywacji emocjonalnej, ch\u0142odu emocjonalnego, odrzucenia, braku bezpiecze\u0144stwa, przemocy emocjonalnej, fizycznej i\/lub innych nadu\u017cy\u0107 ze strony rodzica<\/li>\n\n\n\n<li>Twoje trudno\u015bci w r\u00f3\u017cnych obszarach \u017cycia wynikaj\u0105 z zaburze\u0144 osobowo\u015bci<\/li>\n\n\n\n<li>Twoje trudno\u015bci dotycz\u0105 obszaru seksualno\u015bci <\/li>\n<\/ul>\n\n\n\n<\/div>\n\n\n\n<p class=\"has-background\" style=\"background-color:#d5edfc\"><span class=\"collapseomatic \" id=\"id6a05738eb14bc\"  tabindex=\"0\" title=\"Konsultacja \/ Terapia uzale\u017cnie\u0144\"    >Konsultacja \/ Terapia uzale\u017cnie\u0144<\/span><div id=\"target-id6a05738eb14bc\" class=\"collapseomatic_content \">\n\n\n\n<ul style=\"background-color:#cdeafb\" class=\"wp-block-list has-background\">\n<li>&nbsp;Do\u015bwiadczasz problem\u00f3w w zwi\u0105zku z ryzykownym lub szkodliwym u\u017cywaniem substancji psychoaktywnych (np.alkohol)<\/li>\n\n\n\n<li>Do\u015bwiadczasz trudno\u015bci zwi\u0105zku z uzale\u017cnieniem od alkoholu, narkotyk\u00f3w, lek\u00f3w lub uzale\u017cnie\u0144 behawioralnych<\/li>\n<\/ul>\n\n\n\n<\/div>\n\n\n\n<p class=\"has-background\" style=\"background-color:#cae5f6\"><span class=\"collapseomatic \" id=\"id6a05738eb14c9\"  tabindex=\"0\" title=\"Konsultacja \/ Terapia par i ma\u0142\u017ce\u0144stw\"    >Konsultacja \/ Terapia par i ma\u0142\u017ce\u0144stw<\/span><div id=\"target-id6a05738eb14c9\" class=\"collapseomatic_content \">\n\n\n\n<ul style=\"background-color:#c8e2f2\" class=\"wp-block-list has-background\">\n<li>Prze\u017cywasz kryzys w relacji \/zdrada, ch\u0142\u00f3d emocjonalny, deprywacja, przemoc emocjonalna i fizyczna, problemy komunikacyjne i inne\/<\/li>\n\n\n\n<li>Masz trudno\u015b\u0107 w zbudowaniu trwa\u0142ej, stabilnej i bezpiecznej relacji z drugim cz\u0142owiekiem<\/li>\n\n\n\n<li>Twoje relacje z partnerem maj\u0105 toksyczny charakter<\/li>\n<\/ul>\n\n\n\n<\/div>\n\n\n\n<p class=\"has-background\" style=\"background-color:#c6e7fb\"><span class=\"collapseomatic \" id=\"id6a05738eb14d5\"  tabindex=\"0\" title=\"Interwencja kryzysowa\"    >Interwencja kryzysowa<\/span><div id=\"target-id6a05738eb14d5\" class=\"collapseomatic_content \">\n\n\n\n<ul style=\"background-color:#cae5f5\" class=\"wp-block-list has-background\">\n<li> do\u015bwiadczy\u0142e\u015b wydarzenia stresuj\u0105cego, trudnego, bolesnego,<\/li>\n\n\n\n<li>postrzegasz sytuacj\u0119 jako &#8222;bez wyj\u015bcia&#8221;, towarzyszy Ci utrata poczucia bezpiecze\u0144stwa,<\/li>\n\n\n\n<li>odczuwasz min. l\u0119k, pogubienie,<\/li>\n\n\n\n<li>potrzebujesz pomocy dora\u017anej, szybkiej, pozwalaj\u0105cej odzyska\u0107 wewn\u0119trzn\u0105 r\u00f3wnowag\u0119 i si\u0142\u0119 do podj\u0119cia dalszych decyzji i dzia\u0142a\u0144 w zwi\u0105zku z sytuacj\u0105, w kt\u00f3rej si\u0119 znalaz\u0142e\u015b.<\/li>\n<\/ul>\n\n\n\n<\/div>\n\n\n\n<p><\/p>\n\n\n\n<p><\/p>\n\n\n\n<h2 class=\"wp-block-heading\" id=\"cennik\"><em><span class=\"has-inline-color has-vivid-cyan-blue-color\">Cennik<\/span><\/em><\/h2>\n\n\n\n<p class=\"has-background\" style=\"background-color:#e3e6fc\">Konsultacja \/ Psychoterapia indywidualna\/ Konsultacja seksuologiczna&nbsp; &#8211; 50 min &#8211; 250 pln<\/p>\n\n\n\n<p class=\"has-background\" style=\"background-color:#e1e5fe\">Konsultacja \/ Terapia uzale\u017cnie\u0144 &#8211; 50 min &#8211; 250 pln<\/p>\n\n\n\n<p class=\"has-background\" style=\"background-color:#e0e3fb\">Konsultacja \/ Terapia par\/ ma\u0142\u017ce\u0144stw &#8211; 60 min- 350 pln<\/p>\n\n\n\n<p class=\"has-background\" style=\"background-color:#e1e3f6\">Interwencja kryzysowa indywidualna &#8211; 50 min &#8211; 250 pln<\/p>\n\n\n\n<pre class=\"wp-block-verse has-background\" style=\"background-color:#dce2f7\">Interwencja kryzysowa par \/ ma\u0142\u017ce\u0144stw - 60 min - 350 pln<\/pre>\n\n\n\n<h2 class=\"wp-block-heading has-vivid-cyan-blue-color has-text-color\" id=\"warunki-platnosci-zmiany-terminu-sesji-lub-odwolania-sesji\"><mark style=\"background-color:rgba(0, 0, 0, 0)\" class=\"has-inline-color has-vivid-cyan-blue-color\"><em>Warunki<\/em><\/mark><em><mark style=\"background-color:rgba(0, 0, 0, 0)\" class=\"has-inline-color has-vivid-cyan-blue-color\"> <\/mark>p\u0142atno\u015bci, zmiana terminu sesji oraz odwo\u0142anie sesji<\/em><\/h2>\n\n\n\n<p class=\"has-vivid-red-color has-white-background-color has-text-color has-background\">S<em>zczeg\u00f3\u0142owe informacje dotycz\u0105ce zasad wsp\u00f3\u0142pracy znajduj\u0105 si\u0119 w Regulaminie <\/em><\/p>\n\n\n\n<p class=\"has-background\" style=\"background-color:#cfd3d6\">P\u0142atno\u015b\u0107 za sesje winna nast\u0105pi\u0107 nie p\u00f3\u017aniej ni\u017c 24h przed um\u00f3wionym spotkaniem.<\/p>\n\n\n\n<p class=\"has-background\" style=\"background-color:#d8dbdf\">Brak zap\u0142aty za sesj\u0119 nie oznacza odwo\u0142ania sesji przez klienta . <\/p>\n\n\n\n<p class=\"has-vivid-cyan-blue-color has-text-color has-background has-link-color wp-elements-cee2f803fd808b9a29a2116c9f202c39\" style=\"background-color:#d8dde1\"><strong>Odwo\u0142anie sesji<\/strong>, <strong>bez konsekwencji finansowych dla klienta powinno nast\u0105pi\u0107 nie p\u00f3\u017aniej ni\u017c 24h przed um\u00f3wionym terminem sesji<\/strong>. P\u0142atno\u015b\u0107 w\u00f3wczas zostaje zwr\u00f3cona na wskazane konto bankowe klienta lub na \u017cyczenie klienta przekierowana na kolejny termin sesji terapeutycznej.<\/p>\n\n\n\n<p class=\"has-vivid-red-color has-text-color has-background has-link-color wp-elements-6e6971a4ea2a5113d0743744dbe172bf\" style=\"background-color:#cdd5dc\"><strong>W przypadku odwo\u0142ania sesji w terminie kr\u00f3tszym ni\u017c 24h przed sesj\u0105, klient zostaje obci\u0105\u017cony kosztami sesji.<\/strong><\/p>\n\n\n\n<p class=\"has-background\" style=\"background-color:#cfd4d9\">Zmiana terminu sesji mo\u017ce nast\u0105pi\u0107 nie p\u00f3\u017aniej ni\u017c 24h przed wyznaczonym terminem sesji.<\/p>\n\n\n\n<p class=\"has-background\" style=\"background-color:#cbfae7\"><strong> <\/strong>Dane do przelewu :<\/p>\n\n\n\n<pre class=\"wp-block-verse has-blush-light-purple-gradient-background has-background\"> Anna Skobiej-Staszewska       <br> Rachunek: ALIOR BANK 50 2490 0005 0000 4000 1224 7137<\/pre>\n\n\n\n<pre class=\"wp-block-verse has-background\" style=\"background-color:#c7f9e5\">Dane do przelewu zagranicznego :<\/pre>\n\n\n\n<pre class=\"wp-block-verse has-blush-light-purple-gradient-background has-background\">Anna Skobiej-Staszewska<br>ALIOR BANK IBAN PL 50 2490 0005 0000 4000 1224 7137<br>Kod SWIFT Alior Banku: ALBPPLPW<br><\/pre>\n\n\n\n<p><\/p>\n","protected":false},"excerpt":{"rendered":"<p>Cennik Konsultacja \/ Psychoterapia indywidualna\/ Konsultacja seksuologiczna&nbsp; &#8211; 50 min &#8211; 250 pln Konsultacja \/ Terapia uzale\u017cnie\u0144 &#8211; 50 min &#8211; 250 pln Konsultacja \/ Terapia par\/ ma\u0142\u017ce\u0144stw &#8211; 60 min- 350 pln Interwencja kryzysowa indywidualna &#8211; 50 min &#8211; 250 pln Interwencja kryzysowa par \/ ma\u0142\u017ce\u0144stw &#8211; 60 min &#8211; 350 pln Warunki p\u0142atno\u015bci, &hellip; <\/p>\n<p class=\"link-more\"><a href=\"https:\/\/annaskobiej.pl\/index.php\/oferta\/\" class=\"more-link\">Czytaj dalej<span class=\"screen-reader-text\"> Oferta<\/span><\/a><\/p>\n","protected":false},"author":1,"featured_media":0,"parent":0,"menu_order":0,"comment_status":"closed","ping_status":"closed","template":"","meta":{"footnotes":""},"class_list":["post-69","page","type-page","status-publish","hentry"],"_links":{"self":[{"href":"https:\/\/annaskobiej.pl\/index.php\/wp-json\/wp\/v2\/pages\/69","targetHints":{"allow":["GET"]}}],"collection":[{"href":"https:\/\/annaskobiej.pl\/index.php\/wp-json\/wp\/v2\/pages"}],"about":[{"href":"https:\/\/annaskobiej.pl\/index.php\/wp-json\/wp\/v2\/types\/page"}],"author":[{"embeddable":true,"href":"https:\/\/annaskobiej.pl\/index.php\/wp-json\/wp\/v2\/users\/1"}],"replies":[{"embeddable":true,"href":"https:\/\/annaskobiej.pl\/index.php\/wp-json\/wp\/v2\/comments?post=69"}],"version-history":[{"count":35,"href":"https:\/\/annaskobiej.pl\/index.php\/wp-json\/wp\/v2\/pages\/69\/revisions"}],"predecessor-version":[{"id":498,"href":"https:\/\/annaskobiej.pl\/index.php\/wp-json\/wp\/v2\/pages\/69\/revisions\/498"}],"wp:attachment":[{"href":"https:\/\/annaskobiej.pl\/index.php\/wp-json\/wp\/v2\/media?parent=69"}],"curies":[{"name":"wp","href":"https:\/\/api.w.org\/{rel}","templated":true}]}}